{"id":31,"date":"2015-04-14T10:42:45","date_gmt":"2015-04-14T09:42:45","guid":{"rendered":"http:\/\/educpop-droits.eu\/fr\/?page_id=31"},"modified":"2015-05-13T21:37:07","modified_gmt":"2015-05-13T19:37:07","slug":"reseaux-europeens-pour-le-droit-au-logement","status":"publish","type":"page","link":"http:\/\/educpop-droits.eu\/fr\/?page_id=31","title":{"rendered":"R\u00e9seaux europ\u00e9ens pour le droit au logement"},"content":{"rendered":"<p>&nbsp;<\/p>\n<p>Des r\u00e9seaux agissent aussi au niveau europ\u00e9en pour le droit au logement. Ce m\u00eame site ressources vous propose d\u2019en d\u00e9couvrir quelques-uns, dont la <a href=\"https:\/\/europeandayofactionforhousingrights.wordpress.com\/\">European Coalition for Housing Right and the Right to the City<\/a>\u00a0ou la <a href=\"http:\/\/www.feantsa.org\/spip.php?page=sommaire&amp;lang=fr\">FEANTSA<\/a><\/p>\n<p>Pour en d\u00e9couvrir d&rsquo;autres, allez sur la <a href=\"http:\/\/www.wm-urban-habitat.org\/fra\/?page_id=43#ACTEURS-DU-CONTINENT-EUROPEEN\">mappemonde de l&rsquo;habitat urbain<\/a>.<\/p>\n","protected":false},"excerpt":{"rendered":"<p>&nbsp; Des r\u00e9seaux agissent aussi au niveau europ\u00e9en pour le droit au logement. Ce m\u00eame site ressources vous propose d\u2019en d\u00e9couvrir quelques-uns, dont la European Coalition for Housing Right and the Right to the City\u00a0ou la FEANTSA Pour en d\u00e9couvrir d&rsquo;autres, allez sur la mappemonde de l&rsquo;habitat urbain.<\/p>\n","protected":false},"author":1,"featured_media":0,"parent":0,"menu_order":0,"comment_status":"closed","ping_status":"closed","template":"","meta":[],"_links":{"self":[{"href":"http:\/\/educpop-droits.eu\/fr\/index.php?rest_route=\/wp\/v2\/pages\/31"}],"collection":[{"href":"http:\/\/educpop-droits.eu\/fr\/index.php?rest_route=\/wp\/v2\/pages"}],"about":[{"href":"http:\/\/educpop-droits.eu\/fr\/index.php?rest_route=\/wp\/v2\/types\/page"}],"author":[{"embeddable":true,"href":"http:\/\/educpop-droits.eu\/fr\/index.php?rest_route=\/wp\/v2\/users\/1"}],"replies":[{"embeddable":true,"href":"http:\/\/educpop-droits.eu\/fr\/index.php?rest_route=%2Fwp%2Fv2%2Fcomments&post=31"}],"version-history":[{"count":7,"href":"http:\/\/educpop-droits.eu\/fr\/index.php?rest_route=\/wp\/v2\/pages\/31\/revisions"}],"predecessor-version":[{"id":294,"href":"http:\/\/educpop-droits.eu\/fr\/index.php?rest_route=\/wp\/v2\/pages\/31\/revisions\/294"}],"wp:attachment":[{"href":"http:\/\/educpop-droits.eu\/fr\/index.php?rest_route=%2Fwp%2Fv2%2Fmedia&parent=31"}],"curies":[{"name":"wp","href":"https:\/\/api.w.org\/{rel}","templated":true}]}}