{"id":15,"date":"2015-04-14T10:39:57","date_gmt":"2015-04-14T09:39:57","guid":{"rendered":"http:\/\/educpop-droits.eu\/fr\/?page_id=15"},"modified":"2015-05-13T21:22:42","modified_gmt":"2015-05-13T19:22:42","slug":"strategies-dacteurs","status":"publish","type":"page","link":"https:\/\/educpop-droits.eu\/fr\/?page_id=15","title":{"rendered":"Strat\u00e9gies d&rsquo;acteurs"},"content":{"rendered":"<p>&nbsp;<\/p>\n<p><span style=\"color: #0000ff;\"><strong><em>Lorsqu\u2019un groupe de personnes souhaite mettre en \u0153uvre une action pour ses droits au logement, il doit mettre en \u0153uvre des strat\u00e9gies de communication et d\u2019interactions avec diff\u00e9rents types d\u2019acteurs qui peuvent \u00eatre utiles dans sa lutte.<\/em><\/strong><\/span><\/p>\n<h3><span style=\"color: #000000;\"><strong><em>ACTIONS LEGALES OU JUDICIAIRES DANS NOTRE STRATEGIE<\/em><\/strong><\/span><\/h3>\n<p><em>Comment interagir avec des acteurs du droit, au niveau juridique ou judiciaire\u00a0? On pensera ici plus sp\u00e9cifiquement \u00e0 la mobilisation des avocats, la cr\u00e9ation de textes de loi par les groupes ou encore la formation minimum n\u00e9cessaire pour faire valoir ses droits.<\/em><\/p>\n<p><em>T\u00e9l\u00e9charger le livret \u00ab\u00a0paroles d&rsquo;acteurs\u00a0\u00bb\u00a0sur la place des actions juridiques dans une lutte :\u00a0<a href=\"http:\/\/educpop-droits.eu\/fr\/wp-content\/uploads\/2015\/04\/PAROLES-JURIDIK.pdf\">PAROLES JURIDIK<\/a><\/em><\/p>\n<h3><span style=\"color: #000000;\"><strong><em>STRATEGIES VIS-A-VIS DES MEDIA<\/em><\/strong><\/span><\/h3>\n<p>Lorsque l\u2019on veut m\u00e9diatiser une action, il faut pouvoir travailler avec les professionnels des media. Comment les aborder afin de les mobiliser pour une campagne\u00a0? La m\u00e9diatisation de l\u2019action peut servir \u00e0 l\u00e9gitimer celle-ci aupr\u00e8s du grand public.<\/p>\n<p>T\u00e9l\u00e9charger le livret \u00ab\u00a0paroles d&rsquo;acteurs\u00a0\u00bb sur les\u00a0strat\u00e9gies\u00a0face\u00a0aux media :\u00a0<a href=\"http:\/\/educpop-droits.eu\/fr\/wp-content\/uploads\/2015\/04\/PAROLES-MEDIAS.pdf\">PAROLES MEDIAS<\/a><\/p>\n<h3><span style=\"color: #000000;\"><strong><em>STRATEGIES VIS-A-VIS DES POUVOIRS PUBLICS<\/em><\/strong><\/span><\/h3>\n<p>Face aux pouvoirs publics, on peut choisir de mettre en place des strat\u00e9gies d\u2019opposition, de sensibilisation, de concertation, etc. Et pourquoi pas leur proposer les textes juridiques \u00e0 adopter\u00a0? Comment sensibiliser \u00e9galement les fonctionnaires\u00a0ou les agents municipaux ?<\/p>\n<p>T\u00e9l\u00e9charger le livret \u00ab\u00a0paroles d&rsquo;acteurs\u00a0\u00bb sur les strat\u00e9gies face aux pouvoirs publics :\u00a0<a href=\"http:\/\/educpop-droits.eu\/fr\/wp-content\/uploads\/2015\/04\/PAROLES-POUPU.pdf\">PAROLES POUPU<\/a><\/p>\n<h3><span style=\"color: #000000;\"><strong><em>RELATIONS AVEC LES PROFESSIONNELS DU DROIT<\/em><\/strong><\/span><\/h3>\n<p>Les professionnels du droit ne sont pas n\u00e9cessaires \u00e0 toutes les \u00e9tapes de l\u2019action \u00e0 mener. C\u2019est au groupe \u00e0 rester ma\u00eetre de son action et de faire appel aux professionnels en cas de n\u00e9cessit\u00e9. Ces derniers peuvent d\u00e8s lors jouer un r\u00f4le de conseiller technique. Pour cela le groupe doit les sensibiliser \u00e0 la r\u00e9alit\u00e9 de terrain, mais aussi doit permettre aux groupes de d\u00e9mystifier le monde de la justice.<\/p>\n<p>T\u00e9l\u00e9charger le livret \u00ab\u00a0paroles d&rsquo;acteurs\u00a0\u00bb sur le rapport aux professionnels du droit :\u00a0<a href=\"http:\/\/educpop-droits.eu\/fr\/wp-content\/uploads\/2015\/04\/PAROLES-PROF-DROIT.pdf\">PAROLES PROF DROIT<\/a><\/p>\n","protected":false},"excerpt":{"rendered":"<p>&nbsp; Lorsqu\u2019un groupe de personnes souhaite mettre en \u0153uvre une action pour ses droits au logement, il doit mettre en \u0153uvre des strat\u00e9gies de communication et d\u2019interactions avec diff\u00e9rents types d\u2019acteurs qui peuvent \u00eatre utiles dans sa lutte. ACTIONS LEGALES OU JUDICIAIRES DANS NOTRE STRATEGIE Comment interagir avec des acteurs du droit, au niveau juridique [&hellip;]<\/p>\n","protected":false},"author":1,"featured_media":0,"parent":0,"menu_order":0,"comment_status":"closed","ping_status":"closed","template":"","meta":[],"_links":{"self":[{"href":"https:\/\/educpop-droits.eu\/fr\/index.php?rest_route=\/wp\/v2\/pages\/15"}],"collection":[{"href":"https:\/\/educpop-droits.eu\/fr\/index.php?rest_route=\/wp\/v2\/pages"}],"about":[{"href":"https:\/\/educpop-droits.eu\/fr\/index.php?rest_route=\/wp\/v2\/types\/page"}],"author":[{"embeddable":true,"href":"https:\/\/educpop-droits.eu\/fr\/index.php?rest_route=\/wp\/v2\/users\/1"}],"replies":[{"embeddable":true,"href":"https:\/\/educpop-droits.eu\/fr\/index.php?rest_route=%2Fwp%2Fv2%2Fcomments&post=15"}],"version-history":[{"count":12,"href":"https:\/\/educpop-droits.eu\/fr\/index.php?rest_route=\/wp\/v2\/pages\/15\/revisions"}],"predecessor-version":[{"id":287,"href":"https:\/\/educpop-droits.eu\/fr\/index.php?rest_route=\/wp\/v2\/pages\/15\/revisions\/287"}],"wp:attachment":[{"href":"https:\/\/educpop-droits.eu\/fr\/index.php?rest_route=%2Fwp%2Fv2%2Fmedia&parent=15"}],"curies":[{"name":"wp","href":"https:\/\/api.w.org\/{rel}","templated":true}]}}