{"id":18,"date":"2015-04-14T10:40:08","date_gmt":"2015-04-14T09:40:08","guid":{"rendered":"http:\/\/educpop-droits.eu\/fr\/?page_id=18"},"modified":"2015-07-15T16:06:30","modified_gmt":"2015-07-15T14:06:30","slug":"actions-non-violentes","status":"publish","type":"page","link":"https:\/\/educpop-droits.eu\/fr\/?page_id=18","title":{"rendered":"Actions non violentes"},"content":{"rendered":"<p>&nbsp;<\/p>\n<p><span style=\"color: #0000ff;\">La mobilisation collective n&rsquo;implique pas la mise en oeuvre d&rsquo;actions violentes. De nombreuses luttes ont &#8211; au contraire &#8211; \u00e9t\u00e9 men\u00e9es et gagn\u00e9es via l&rsquo;usage d&rsquo;actions non violentes, mais le plus souvent tr\u00e8s cr\u00e9atives. Les outils ci-dessous donnent quelques id\u00e9es d&rsquo;outils pour une strat\u00e9gie non violente.<\/span><\/p>\n<h3><strong>LA LUTTE NON-VIOLENTE &#8211; 50 POINTS CRUCIAUX \u2013 UNE APPROCHE STRATEGIQUE DE TOUTES LES TACTIQUES<\/strong><\/h3>\n<p><em>\u00ab\u00a0Ce livre est une introduction \u00e0 l&rsquo;utilisation de l&rsquo;action non violente strat\u00e9gique dans de v\u00e9ritables campagnes. Les techniques d\u00e9crites dans les 15 chapitres ont \u00e9t\u00e9 utilis\u00e9es avec succ\u00e8s dans de nombreuses r\u00e9gions du monde. L&rsquo;historien britannique, Eric Hobsawm, d\u00e9crit le XXe si\u00e8cle comme \u00ab l&rsquo;\u00e2ge des extr\u00eames \u00bb \u00e0 cause des guerres d\u00e9vastatrices men\u00e9es dans les cent derni\u00e8res ann\u00e9es et l&rsquo;influence des id\u00e9ologies extr\u00eames qui ont servi \u00e0 justifier la destruction de peuples entiers, classes et religions. Dans le m\u00eame temps, la propagation de la d\u00e9mocratie et la prosp\u00e9rit\u00e9 \u00e9conomique a transform\u00e9 une grande partie de l&rsquo;humanit\u00e9. Aujourd&rsquo;hui, le risque de conflit d\u00e9vastateur persiste &#8211; mais il en va aussi de la possibilit\u00e9 d&rsquo;alternatives non-violentes.\u201d<\/em><\/p>\n<p>T\u00e9l\u00e9charger ce livre\u00a0via le\u00a0<a href=\"http:\/\/www.canvasopedia.org\">Site USIP<\/a>\u00a0(United States of Peace), 2005<\/p>\n<h3><strong style=\"line-height: 1.5;\">LE JEU DE LA R\u00c9SISTANCE CIVILE: \u00ab\u00a0People Power\u00a0\u00bb<\/strong><\/h3>\n<p><em>\u00ab\u00a0People Power est plus qu&rsquo;un jeu. C\u2019est une opportunit\u00e9 de rejoindre la communaut\u00e9 de ceux qui veulent en apprendre davantage sur la r\u00e9sistance civile et les strat\u00e9gies non-violentes. Tout le monde peut concevoir des sc\u00e9narios et les afficher sur la page de sc\u00e9nario, \u00e0 la disposition de toute la communaut\u00e9. Avec cette premi\u00e8re \u00e9dition, vous \u00eates invit\u00e9s \u00e0 participer \u00e0 notre \u201cPhase de d\u00e9veloppement Open Beta\u201d. Jouer le jeu, puis envoyez-nous vos commentaires, suggestions et critiques. Vous ferez partie de l&rsquo;\u00e9quipe, travaillerez pour am\u00e9liorer le jeu et le rendre plus utile \u00e0 plus de joueurs. Sur notre forum, vous pouvez \u00e9changer des id\u00e9es avec d&rsquo;autres acteurs et cin\u00e9astes \u00ab\u00a0.<\/em><\/p>\n<p>T\u00e9l\u00e9charger le jeu\u00a0<a href=\"http:\/\/www.aForceMorePowerful.org\">People Power<\/a>\u00a0via le Site International Center on Nonviolent Conflict.<\/p>\n<h3><strong>LE GUIDE RUCKUS POUR UNE ACTION STRATEGIQUE<\/strong><\/h3>\n<p><em>\u00ab\u00a0La Soci\u00e9t\u00e9 Ruckus se consid\u00e8re comme une bo\u00eete \u00e0 outils d\u2019exp\u00e9rience, de formation et de comp\u00e9tences. Nous fournissons des instructions sur l&rsquo;application d&rsquo;outils tactiques et strat\u00e9giques \u00e0 un nombre croissant d&rsquo;organisations et d&rsquo;individus du monde entier dans des actions et des formations pour l\u2019acquisition de comp\u00e9tences. Ces outils sont con\u00e7us pour se pr\u00e9parer \u00e0 une campagne d\u2019actions. Gr\u00e2ce \u00e0 ces formations, nous aidons les gens \u00e0 acqu\u00e9rir les comp\u00e9tences dont ils ont besoin pour pratiquer l&rsquo;action directe non-violente en toute s\u00e9curit\u00e9 et efficacement. Ces formations contiennent des \u00e9l\u00e9ments \u201cc\u00e9r\u00e9braux\u201d et \u201cphysiques\u201d \u00e0 r\u00e9aliser dans des salles de classe pour la planification d&rsquo;actions, la communication avec les m\u00e9dias, le renforcement du leadership et l&rsquo;analyse politique et philosophie et la pratique non-violente\u00a0\u00bb.<\/em><\/p>\n<p>T\u00e9l\u00e9charger le\u00a0<a href=\"http:\/\/www.ruckus.org\">Guide Ruckus<\/a>\u00a0via\u00a0Ruckus Society<\/p>\n<h3><strong style=\"line-height: 1.5;\">10 CARTES TACTIQUES de TACTICAL TECH<\/strong><\/h3>\n<p>\u201cTactical Tech travaille depuis 2003 pour faire progresser l&rsquo;utilisation des informations et des technologies num\u00e9riques par les d\u00e9fenseurs et militants \u00e0 travers le monde. Gr\u00e2ce \u00e0 des formations et des ateliers, nous offrons un soutien direct \u00e0 plus de 2000 militants par an. Gr\u00e2ce \u00e0 une gamme de bo\u00eetes \u00e0 outils, guides, ressources en ligne et des films (cr\u00e9\u00e9s via un partage en ligne, la r\u00e9orientation et la traduction), nous arrivons encore 2 millions de personnes par an. Les ressources \u00e0 disposition sont : bo\u00eetes \u00e0 outils, guides, ressources en ligne, des films, des animations, etc. \u201c<\/p>\n<ol>\n<li>La mobilisation :\u00a0<a href=\"http:\/\/educpop-droits.eu\/fr\/wp-content\/uploads\/2015\/04\/tactic_1-FR.pdf\">tactic_1 FR<\/a><\/li>\n<li>T\u00e9moigner et filmer :\u00a0<a href=\"http:\/\/educpop-droits.eu\/fr\/wp-content\/uploads\/2015\/04\/tactic_2-FR.pdf\">tactic_2 FR<\/a><\/li>\n<li>Visualisez votre message :\u00a0<a href=\"http:\/\/educpop-droits.eu\/fr\/wp-content\/uploads\/2015\/04\/tactic_3-FR.pdf\">tactic_3 FR<\/a><\/li>\n<li>D\u00e9velopper des histoires personnelles :\u00a0<a href=\"http:\/\/educpop-droits.eu\/fr\/wp-content\/uploads\/2015\/04\/tactic_4-FR.pdf\">tactic_4 FR<\/a><\/li>\n<li>Provoquer un sourire :\u00a0<a href=\"http:\/\/educpop-droits.eu\/fr\/wp-content\/uploads\/2015\/04\/tactic_5-FR.pdf\">tactic_5 FR<\/a><\/li>\n<li>G\u00e9rer vos contacts :\u00a0<a href=\"http:\/\/educpop-droits.eu\/fr\/wp-content\/uploads\/2015\/04\/tactic_6-FR.pdf\">tactic_6 FR<\/a><\/li>\n<li>Rester simple :\u00a0<a href=\"http:\/\/educpop-droits.eu\/fr\/wp-content\/uploads\/2015\/04\/tactic_7-FR.pdf\">tactic_7 FR<\/a><\/li>\n<li>R\u00e9alisez des reportages en direct :\u00a0<a href=\"http:\/\/educpop-droits.eu\/fr\/wp-content\/uploads\/2015\/04\/tactic_8-FR.pdf\">tactic_8 FR<\/a><\/li>\n<li>La technologie \u00e0 l\u2019\u00e9coute :\u00a0<a href=\"http:\/\/educpop-droits.eu\/fr\/wp-content\/uploads\/2015\/04\/tactic_9-FR.pdf\">tactic_9 FR<\/a><\/li>\n<li>Enqu\u00eater et exposer les faits :\u00a0<a href=\"http:\/\/educpop-droits.eu\/fr\/wp-content\/uploads\/2015\/04\/tactic_10-FR.pdf\">tactic_10 FR<\/a><\/li>\n<\/ol>\n<p>Aller sur le <a href=\"http:\/\/www.tacticaltech.org\">Site de\u00a0Tactical Tech<\/a><\/p>\n","protected":false},"excerpt":{"rendered":"<p>&nbsp; La mobilisation collective n&rsquo;implique pas la mise en oeuvre d&rsquo;actions violentes. De nombreuses luttes ont &#8211; au contraire &#8211; \u00e9t\u00e9 men\u00e9es et gagn\u00e9es via l&rsquo;usage d&rsquo;actions non violentes, mais le plus souvent tr\u00e8s cr\u00e9atives. Les outils ci-dessous donnent quelques id\u00e9es d&rsquo;outils pour une strat\u00e9gie non violente. LA LUTTE NON-VIOLENTE &#8211; 50 POINTS CRUCIAUX \u2013 [&hellip;]<\/p>\n","protected":false},"author":1,"featured_media":0,"parent":0,"menu_order":0,"comment_status":"closed","ping_status":"closed","template":"","meta":[],"_links":{"self":[{"href":"https:\/\/educpop-droits.eu\/fr\/index.php?rest_route=\/wp\/v2\/pages\/18"}],"collection":[{"href":"https:\/\/educpop-droits.eu\/fr\/index.php?rest_route=\/wp\/v2\/pages"}],"about":[{"href":"https:\/\/educpop-droits.eu\/fr\/index.php?rest_route=\/wp\/v2\/types\/page"}],"author":[{"embeddable":true,"href":"https:\/\/educpop-droits.eu\/fr\/index.php?rest_route=\/wp\/v2\/users\/1"}],"replies":[{"embeddable":true,"href":"https:\/\/educpop-droits.eu\/fr\/index.php?rest_route=%2Fwp%2Fv2%2Fcomments&post=18"}],"version-history":[{"count":26,"href":"https:\/\/educpop-droits.eu\/fr\/index.php?rest_route=\/wp\/v2\/pages\/18\/revisions"}],"predecessor-version":[{"id":357,"href":"https:\/\/educpop-droits.eu\/fr\/index.php?rest_route=\/wp\/v2\/pages\/18\/revisions\/357"}],"wp:attachment":[{"href":"https:\/\/educpop-droits.eu\/fr\/index.php?rest_route=%2Fwp%2Fv2%2Fmedia&parent=18"}],"curies":[{"name":"wp","href":"https:\/\/api.w.org\/{rel}","templated":true}]}}