{"id":28,"date":"2015-04-14T10:42:32","date_gmt":"2015-04-14T09:42:32","guid":{"rendered":"http:\/\/educpop-droits.eu\/fr\/?page_id=28"},"modified":"2015-05-12T23:04:30","modified_gmt":"2015-05-12T21:04:30","slug":"reseaux-internationaux-pour-le-droit-au-logement","status":"publish","type":"page","link":"https:\/\/educpop-droits.eu\/fr\/?page_id=28","title":{"rendered":"R\u00e9seaux internationaux pour le droit au logement"},"content":{"rendered":"<p>&nbsp;<\/p>\n<p>En tant que militant ou en tant que personne qui souhaite mieux conna\u00eetre, comprendre, voire se ralier \u00e0 des r\u00e9seaux internationaux qui travaillent le droit au logement (depuis l\u2019action de lobbying politique jusqu\u2019aux actions de terrain pour aider les habitants \u00e0 (re)construire leurs logements), voici une liste de r\u00e9seaux internationaux. La page sur laquelle vous allez \u00eatre redirig\u00e9 est un site ressources sur les questions d\u2019habitat : la mappemonde de l\u2019habitat (urbain).<\/p>\n<p>Aller sur la <a href=\"http:\/\/www.wm-urban-habitat.org\/fra\/?page_id=43#ACTEURS-INTERNATIONAUX\">mappemonde de l&rsquo;habitat urbain<\/a>.<\/p>\n","protected":false},"excerpt":{"rendered":"<p>&nbsp; En tant que militant ou en tant que personne qui souhaite mieux conna\u00eetre, comprendre, voire se ralier \u00e0 des r\u00e9seaux internationaux qui travaillent le droit au logement (depuis l\u2019action de lobbying politique jusqu\u2019aux actions de terrain pour aider les habitants \u00e0 (re)construire leurs logements), voici une liste de r\u00e9seaux internationaux. La page sur laquelle [&hellip;]<\/p>\n","protected":false},"author":1,"featured_media":0,"parent":0,"menu_order":0,"comment_status":"closed","ping_status":"closed","template":"","meta":[],"_links":{"self":[{"href":"https:\/\/educpop-droits.eu\/fr\/index.php?rest_route=\/wp\/v2\/pages\/28"}],"collection":[{"href":"https:\/\/educpop-droits.eu\/fr\/index.php?rest_route=\/wp\/v2\/pages"}],"about":[{"href":"https:\/\/educpop-droits.eu\/fr\/index.php?rest_route=\/wp\/v2\/types\/page"}],"author":[{"embeddable":true,"href":"https:\/\/educpop-droits.eu\/fr\/index.php?rest_route=\/wp\/v2\/users\/1"}],"replies":[{"embeddable":true,"href":"https:\/\/educpop-droits.eu\/fr\/index.php?rest_route=%2Fwp%2Fv2%2Fcomments&post=28"}],"version-history":[{"count":3,"href":"https:\/\/educpop-droits.eu\/fr\/index.php?rest_route=\/wp\/v2\/pages\/28\/revisions"}],"predecessor-version":[{"id":149,"href":"https:\/\/educpop-droits.eu\/fr\/index.php?rest_route=\/wp\/v2\/pages\/28\/revisions\/149"}],"wp:attachment":[{"href":"https:\/\/educpop-droits.eu\/fr\/index.php?rest_route=%2Fwp%2Fv2%2Fmedia&parent=28"}],"curies":[{"name":"wp","href":"https:\/\/api.w.org\/{rel}","templated":true}]}}