{"id":409,"date":"2015-07-03T10:20:09","date_gmt":"2015-07-03T08:20:09","guid":{"rendered":"http:\/\/educpop-droits.eu\/fr\/?page_id=409"},"modified":"2015-07-15T11:11:51","modified_gmt":"2015-07-15T09:11:51","slug":"gouvernance-interne","status":"publish","type":"page","link":"https:\/\/educpop-droits.eu\/fr\/?page_id=409","title":{"rendered":"Gouvernance interne"},"content":{"rendered":"<p>&nbsp;<\/p>\n<p><strong><span style=\"color: #0000ff;\">La question de la gouvernance d&rsquo;un groupe des personnes (militantes ou non) qui souhaitent s&rsquo;auto-organiser pour affirmer leurs droits (au logement) n&rsquo;est pas simple. Cela touche au mode d&rsquo;organisation d&rsquo;un groupe et de sa capacit\u00e9 \u00e0 prendre collectivement des d\u00e9cisions via des modes de communication interne.<\/span><\/strong><\/p>\n<p>Le Power Points ou PDF ci-dessous propose trois modes de gouvernance possibles :<\/p>\n<ol>\n<li>La sociocratie<\/li>\n<li>La d\u00e9mocratie profonde<\/li>\n<li>La stigmergie<\/li>\n<\/ol>\n<p>Power Point : <a href=\"http:\/\/educpop-droits.eu\/fr\/wp-content\/uploads\/2015\/07\/Modes-de-gouvernance-version-15052015.ppt\">Trois Modes des de Gouvernance<\/a> ou en version PDF : <a href=\"http:\/\/educpop-droits.eu\/fr\/wp-content\/uploads\/2015\/07\/Modes-de-gouvernance-version-15052015.pdf\">Modes de gouvernance &#8211; version PDF<\/a><\/p>\n","protected":false},"excerpt":{"rendered":"<p>&nbsp; La question de la gouvernance d&rsquo;un groupe des personnes (militantes ou non) qui souhaitent s&rsquo;auto-organiser pour affirmer leurs droits (au logement) n&rsquo;est pas simple. Cela touche au mode d&rsquo;organisation d&rsquo;un groupe et de sa capacit\u00e9 \u00e0 prendre collectivement des d\u00e9cisions via des modes de communication interne. Le Power Points ou PDF ci-dessous propose trois [&hellip;]<\/p>\n","protected":false},"author":1,"featured_media":0,"parent":0,"menu_order":0,"comment_status":"closed","ping_status":"closed","template":"","meta":[],"_links":{"self":[{"href":"https:\/\/educpop-droits.eu\/fr\/index.php?rest_route=\/wp\/v2\/pages\/409"}],"collection":[{"href":"https:\/\/educpop-droits.eu\/fr\/index.php?rest_route=\/wp\/v2\/pages"}],"about":[{"href":"https:\/\/educpop-droits.eu\/fr\/index.php?rest_route=\/wp\/v2\/types\/page"}],"author":[{"embeddable":true,"href":"https:\/\/educpop-droits.eu\/fr\/index.php?rest_route=\/wp\/v2\/users\/1"}],"replies":[{"embeddable":true,"href":"https:\/\/educpop-droits.eu\/fr\/index.php?rest_route=%2Fwp%2Fv2%2Fcomments&post=409"}],"version-history":[{"count":6,"href":"https:\/\/educpop-droits.eu\/fr\/index.php?rest_route=\/wp\/v2\/pages\/409\/revisions"}],"predecessor-version":[{"id":430,"href":"https:\/\/educpop-droits.eu\/fr\/index.php?rest_route=\/wp\/v2\/pages\/409\/revisions\/430"}],"wp:attachment":[{"href":"https:\/\/educpop-droits.eu\/fr\/index.php?rest_route=%2Fwp%2Fv2%2Fmedia&parent=409"}],"curies":[{"name":"wp","href":"https:\/\/api.w.org\/{rel}","templated":true}]}}