{"id":59,"date":"2015-04-14T11:00:56","date_gmt":"2015-04-14T10:00:56","guid":{"rendered":"http:\/\/educpop-droits.eu\/fr\/?page_id=59"},"modified":"2015-05-13T22:23:31","modified_gmt":"2015-05-13T20:23:31","slug":"interpeler-leurope","status":"publish","type":"page","link":"https:\/\/educpop-droits.eu\/fr\/?page_id=59","title":{"rendered":"Interpellation de l&rsquo;Europe"},"content":{"rendered":"<p>&nbsp;<\/p>\n<p><span style=\"color: #0000ff;\">Afin de mener des actions vis-\u00e0-vis des autorit\u00e9s europ\u00e9ennes, il faut comprendre d&rsquo;une part le fonctionnement des instances europ\u00e9ennes, proposer d&rsquo;autre part des actions de plaidoyers ou d&rsquo;interpellation citoyenne au niveau europ\u00e9en.<\/span><\/p>\n<h3><span style=\"color: #000000;\">&gt;&gt;&gt; FONCTIONNEMENT DU CONSEIL DE L&rsquo;EUROPE<\/span><\/h3>\n<p>Des Power Point pr\u00e9sentent le fonctionnement du Conseil de l&rsquo;Europe ainsi qu&rsquo;un exercice pratique \u00e0 faire avec des militants :<\/p>\n<p><a href=\"http:\/\/educpop-droits.eu\/fr\/wp-content\/uploads\/2015\/04\/Conseil-de-lEurope-PART1.pdf\">Conseil de l&rsquo;Europe PART1<\/a><\/p>\n<p><a href=\"http:\/\/educpop-droits.eu\/fr\/wp-content\/uploads\/2015\/04\/Conseil-de-lEurope-PART2.pdf\">Conseil de l&rsquo;Europe PART2<\/a><\/p>\n<p><a href=\"http:\/\/educpop-droits.eu\/fr\/wp-content\/uploads\/2015\/04\/Conseil-de-lEurope-PART3.pdf\">Conseil de l&rsquo;Europe PART3<\/a><\/p>\n<p><a href=\"http:\/\/educpop-droits.eu\/fr\/wp-content\/uploads\/2015\/04\/Conseil-de-lEurope-PART4.pdf\">Conseil de l&rsquo;Europe PART4<\/a><\/p>\n<p><a href=\"http:\/\/educpop-droits.eu\/fr\/wp-content\/uploads\/2015\/04\/PP-TRAVAUX-PRATIQUES-EUR.pdf\">PP TRAVAUX PRATIQUES EUR<\/a><\/p>\n<h3><span style=\"color: #000000;\">&gt;&gt;&gt; ELABORER\u00a0UN PLAIDOYER<\/span><\/h3>\n<p>Le plaidoyer est une mani\u00e8re d&rsquo;agir collectivement au niveau de l&rsquo;Europe. Voici un Power Point qui propose une mani\u00e8re de r\u00e9aliser un tel plaidoyer :<\/p>\n<p><a href=\"http:\/\/educpop-droits.eu\/fr\/wp-content\/uploads\/2015\/04\/PLAIDOYERS-EUROPEENS.ppt\">PLAIDOYERS EUROPEENS<\/a><\/p>\n<h3><span style=\"color: #000000;\">&gt;&gt;&gt; INTERPELER EN DIRECT\u00a0LA COMMISSION EUROPEENNE<\/span><\/h3>\n<p>Bien qu&rsquo;inscrit d\u00e9j\u00e0 en 2007 dans le Trait\u00e9 de Lisbonne, la possibilit\u00e9 d&rsquo;interpeler directement la Commission pour un groupe de citoyens (avec un nombre minimum de signatures, nombre qui varie de pays \u00e0 pays) n&rsquo;est possible que depuis avril 2012.<\/p>\n<p>La <a href=\"http:\/\/ec.europa.eu\/atwork\/applying-eu-law\/complaints_fr.htm\">page de l&rsquo;Europe qui explique les proc\u00e9dures d&rsquo;interpellation et de plaintes<\/a><\/p>\n","protected":false},"excerpt":{"rendered":"<p>&nbsp; Afin de mener des actions vis-\u00e0-vis des autorit\u00e9s europ\u00e9ennes, il faut comprendre d&rsquo;une part le fonctionnement des instances europ\u00e9ennes, proposer d&rsquo;autre part des actions de plaidoyers ou d&rsquo;interpellation citoyenne au niveau europ\u00e9en. &gt;&gt;&gt; FONCTIONNEMENT DU CONSEIL DE L&rsquo;EUROPE Des Power Point pr\u00e9sentent le fonctionnement du Conseil de l&rsquo;Europe ainsi qu&rsquo;un exercice pratique \u00e0 faire [&hellip;]<\/p>\n","protected":false},"author":1,"featured_media":0,"parent":0,"menu_order":0,"comment_status":"closed","ping_status":"closed","template":"","meta":[],"_links":{"self":[{"href":"https:\/\/educpop-droits.eu\/fr\/index.php?rest_route=\/wp\/v2\/pages\/59"}],"collection":[{"href":"https:\/\/educpop-droits.eu\/fr\/index.php?rest_route=\/wp\/v2\/pages"}],"about":[{"href":"https:\/\/educpop-droits.eu\/fr\/index.php?rest_route=\/wp\/v2\/types\/page"}],"author":[{"embeddable":true,"href":"https:\/\/educpop-droits.eu\/fr\/index.php?rest_route=\/wp\/v2\/users\/1"}],"replies":[{"embeddable":true,"href":"https:\/\/educpop-droits.eu\/fr\/index.php?rest_route=%2Fwp%2Fv2%2Fcomments&post=59"}],"version-history":[{"count":17,"href":"https:\/\/educpop-droits.eu\/fr\/index.php?rest_route=\/wp\/v2\/pages\/59\/revisions"}],"predecessor-version":[{"id":326,"href":"https:\/\/educpop-droits.eu\/fr\/index.php?rest_route=\/wp\/v2\/pages\/59\/revisions\/326"}],"wp:attachment":[{"href":"https:\/\/educpop-droits.eu\/fr\/index.php?rest_route=%2Fwp%2Fv2%2Fmedia&parent=59"}],"curies":[{"name":"wp","href":"https:\/\/api.w.org\/{rel}","templated":true}]}}