{"id":9,"date":"2015-04-14T10:38:21","date_gmt":"2015-04-14T09:38:21","guid":{"rendered":"http:\/\/educpop-droits.eu\/fr\/?page_id=9"},"modified":"2015-11-13T11:42:29","modified_gmt":"2015-11-13T09:42:29","slug":"outils-de-mobilisation","status":"publish","type":"page","link":"https:\/\/educpop-droits.eu\/fr\/?page_id=9","title":{"rendered":"Outils d&rsquo;animation de collectifs"},"content":{"rendered":"<p>&nbsp;<\/p>\n<p><span style=\"color: #0000ff;\">Cette section pr\u00e9sente 17 \u00abexercices\u00bb qui peuvent \u00eatre propos\u00e9s aux participants\u00a0afin d&rsquo;aider le groupe \u00e0 se structurer, identifier ses objectif, construire sa dynamique collective, d\u00e9cider des actions \u00e0 mener,&#8230;<\/span><\/p>\n<p>Ces exercices sont con\u00e7us pour soutenir les animateurs dans leur travail d&rsquo;animation, avec une \u00ab\u00a0bo\u00eete \u00e0 outils\u00a0\u00bb tr\u00e8s compl\u00e8te. Mais il ne faut bien s\u00fbr pas tous les utiliser lors de la m\u00eame rencontre\u00a0! Il appartient \u00e0 chaque animateur-formateur de choisir, en fonction des besoins et du profil des participants, du niveau de r\u00e9flexion du groupe et de ses propres capacit\u00e9s d\u2019animateur-formateur, ceux qu\u2019il souhaite utiliser ou non.<\/p>\n<h3>Sommaire des outils<\/h3>\n<table>\n<tbody>\n<tr>\n<td><a href=\"#a\">A &#8211; Jeu de perception<\/a><\/td>\n<td><a href=\"#b\">B &#8211; Photolangage<\/a><\/td>\n<td><a href=\"#c\">C &#8211; Ishikawa<\/a><\/td>\n<td><a href=\"#d\">D &#8211; Cadavre exquis<\/a><\/td>\n<\/tr>\n<tr>\n<td><a href=\"#e\">E &#8211; Auto-\u00e9valuation du v\u00e9cu<\/a><\/td>\n<td><a href=\"#f\">F &#8211; Carte des acteurs<\/a><\/td>\n<td><a href=\"#g\">G &#8211; Tableau d&rsquo;analyse d&rsquo;exp\u00e9riences<\/a><\/td>\n<td><a href=\"#h\">H &#8211; Jeu de post-it<\/a><\/td>\n<\/tr>\n<tr>\n<td><a href=\"#i\">I &#8211; Cas pratique juridique<\/a><\/td>\n<td><a href=\"#j\">J &#8211; Rep\u00e8res juridiques<\/a><\/td>\n<td><a href=\"#k\">K &#8211; Fiches strat\u00e9giques<\/a><\/td>\n<td><a href=\"#l\">L &#8211; Fiches p\u00e9dagogiques<\/a><\/td>\n<\/tr>\n<tr>\n<td><a href=\"#m\">M &#8211; Livrets \u00ab\u00a0paroles d&rsquo;acteurs\u00a0\u00bb<\/a><\/td>\n<td><a href=\"#n\">N &#8211; Work Breakdown Structure<\/a><\/td>\n<td><a href=\"#o\">O &#8211; Analyse SWOT<\/a><\/td>\n<td><a href=\"#p\">P &#8211; Arbre d&rsquo;actions<\/a><\/td>\n<\/tr>\n<tr>\n<td><a href=\"#q\">Q &#8211; Evaluation de la rencontre<\/a><\/td>\n<td><\/td>\n<td><\/td>\n<td><\/td>\n<\/tr>\n<\/tbody>\n<\/table>\n<div class=\"line\"><\/div>\n<div class=\"one-half\">\n<h3><a name=\"a\"><\/a>Outil A : Jeu de perception<\/h3>\n<p>La r\u00e9alit\u00e9 est per\u00e7ue diff\u00e9remment par chacun d\u2019entre nous. Ce petit \u00ab jeu \u00bb permettra au groupe de s\u2019en rendre compte, et de prendre conscience de l\u2019importance \u00e0 ne pas s\u2019arr\u00eater \u00e0 sa premi\u00e8re vision de la r\u00e9alit\u00e9. De plus, on prendra conscience du pouvoir d\u2019influence (leadership) de ceux qui ont la perception la plus \u00e9tendue sur les autres participants. | <a href=\"http:\/\/educpop-droits.eu\/old\/fr\/doc\/outils\/OUTIL%20JEU%20PERCEPTION.pdf\">t\u00e9l\u00e9charger<\/a><\/p>\n<\/div>\n<div class=\"one-half last\">\n<h3><a name=\"b\"><\/a>Outil B : Photolangage<\/h3>\n<p>Outil d\u2019analyse et d\u2019expression face \u00e0 une r\u00e9alit\u00e9. Il s\u2019agit de permettre une premi\u00e8re approche plus \u00ab \u00e9motionnelle \u00bb et globale d\u2019une probl\u00e9matique, de mani\u00e8re individuelle et collective. Peut servir \u00e0 d\u00e9terminer le \u2018fil rouge\u2019 de la formation. | <a href=\"http:\/\/educpop-droits.eu\/old\/fr\/doc\/outils\/OUTIL%20PHOTOLANGAGE.pdf\">t\u00e9l\u00e9charger<\/a><\/p>\n<\/div>\n<div class=\"one-half\">\n<h3><a name=\"c\"><\/a>Outil C : Ishikawa<\/h3>\n<p>Outil analytique qui permet \u00e0 chacun, tour \u00e0 tour, de s&rsquo;exprimer par oral et par \u00e9crit et ensuite de tirer les premi\u00e8res grandes lignes d&rsquo;une identification plus fine du probl\u00e8me trait\u00e9. | <a href=\"http:\/\/educpop-droits.eu\/old\/fr\/doc\/outils\/OUTIL-ISHIKAWA1.pdf\">Ishikawa 1<\/a>, <a href=\"http:\/\/educpop-droits.eu\/old\/fr\/doc\/outils\/OUTIL-ISHIKAWA2.pdf\">Ishikawa 2<\/a><\/p>\n<\/div>\n<div class=\"one-half last\">\n<h3><a name=\"d\"><\/a>Outil D : Cadavre exquis<\/h3>\n<p>Cet outil permettra \u2013 \u00e0 partir du d\u00e9coupage d\u2019une probl\u00e9matique en questionnements &#8211; de r\u00e9fl\u00e9chir de mani\u00e8re approfondie en sous-groupes. Cette m\u00e9thode a l\u2019avantage d\u2019obliger les participants \u00e0 prendre connaissance des r\u00e9flexions des autres participants, de mani\u00e8re \u00e0 d\u00e9passer une simple r\u00e9flexion personnelle et\/ou superficielle. | <a href=\"http:\/\/educpop-droits.eu\/old\/fr\/doc\/outils\/.pdf\">t\u00e9l\u00e9charger<\/a><\/p>\n<\/div>\n<div class=\"one-half\">\n<h3><a name=\"e\"><\/a>Outil E : Auto-\u00e9valuation du v\u00e9cu<\/h3>\n<p>Si les participants ont d\u00e9j\u00e0 tent\u00e9 de mener des actions pour faire face \u00e0 leurs probl\u00e8mes, il est sans aucun doute important qu\u2019ils puissent en parler. Ceci peut se faire de mani\u00e8re informelle ou bien \u00eatre formalis\u00e9 dans une grille o\u00f9 chacun peut faire part de son exp\u00e9rience et des r\u00e9sultats (identifi\u00e9s!) de cette exp\u00e9rience. | <a href=\"http:\/\/educpop-droits.eu\/old\/fr\/doc\/outils\/OUTIL%20AUTOEVAL%20VECU.pdf\">t\u00e9l\u00e9charger<\/a><\/p>\n<\/div>\n<div class=\"one-half last\">\n<h3><a name=\"f\"><\/a>Outil F : Carte des acteurs<\/h3>\n<p>On sait qu\u2019on n\u2019est pas seul, qu\u2019il existe des personnes ou des groupes de personnes (institutions, associations, &#8230;) qui sont proches de nous. Il faut permettre aux participants, individuellement ou collectivement, de se faire une id\u00e9e des acteurs (personnes ou institutions) qui sont ou peuvent \u00eatre en interaction avec le probl\u00e8me qu\u2019il rencontrent. Il s\u2019agit dans un premier temps de r\u00e9aliser un travail d\u2019identification (= qui), puis de d\u00e9tailler ensuite, de faire un travail de qualification (exemple : cet acteur peut-il m\u2019aider ou non, est-il \u00e0 contacter en priorit\u00e9 ?) pour chacun des acteurs pr\u00e9c\u00e9demment identifi\u00e9s. | <a href=\"http:\/\/educpop-droits.eu\/old\/fr\/doc\/outils\/OUTIL%20CARTE%20DES%20ACTEURS1.pdf\">t\u00e9l\u00e9charger<\/a> et <a href=\"http:\/\/educpop-droits.eu\/old\/fr\/doc\/outils\/OUTIL%20CARTE%20DES%20ACTEURS2.pdf\">t\u00e9l\u00e9charger<\/a><\/p>\n<\/div>\n<div class=\"one-half\">\n<h3><a name=\"g\"><\/a>Outil G : Tableau d&rsquo;analyse d&rsquo;exp\u00e9riences<\/h3>\n<p>Cet exercice a pour objectif de permettre \u00e0 chaque participant de d\u00e9couvrir et d\u2019analyser des exp\u00e9riences de luttes men\u00e9es par d\u2019autres collectifs et ce sous 2 angles particuliers : celui du probl\u00e8me de droit en cause et celui des actions utilis\u00e9es et acteurs rencontr\u00e9s. A travers cette d\u00e9couverte d\u2019autres exp\u00e9riences, il permet ainsi : d\u2019attirer l\u2019attention des participants sur le lien entre le probl\u00e8me v\u00e9cu et le droit ; de leur montrer que le droit peut \u00eatre un outil efficace lorsqu\u2019il est utilis\u00e9 dans le cadre d\u2019une action collective ; de r\u00e9v\u00e9ler leur propre capacit\u00e9 \u00e0 \u00eatre acteurs de droit. | <a href=\"http:\/\/educpop-droits.eu\/old\/fr\/doc\/outils\/OUTIL-ANA-EXPERIENCE1.pdf\">t\u00e9l\u00e9charger<\/a><\/p>\n<\/div>\n<div class=\"one-half last\">\n<h3><a name=\"h\"><\/a>Outil H : Jeu de post-it<\/h3>\n<p>Permettre \u00e0 chaque participant de s\u2019exprimer sur sa propre conception du droit avant de la confronter \u00e0 la conception, peut-\u00eatre diff\u00e9rente, qu\u2019ont les autres participants du droit. Chacun, m\u00eame s\u2019il n\u2019est pas juriste et n\u2019a jamais \u00e9tudi\u00e9 le droit, a son mot \u00e0 dire. C\u2019est l\u2019occasion pour les participants d\u2019amorcer ou d\u2019approfondir une r\u00e9flexion critique sur ce qu\u2019est le droit. Il permet au formateur d\u2019engager plus facilement le d\u00e9bat et de travailler sur quelques id\u00e9es re\u00e7ues sur le droit. | <a href=\"http:\/\/educpop-droits.eu\/old\/fr\/doc\/outils\/OUTIL%20POST-IT.pdf\">t\u00e9l\u00e9charger<\/a><\/p>\n<\/div>\n<div class=\"one-half\">\n<h3><a name=\"i\"><\/a>Outil I : Cas pratique juridique<\/h3>\n<p>Amener les participants \u00e0 s\u2019int\u00e9resser aux aspects juridiques d\u2019un probl\u00e8me. Leur montrer que c\u2019est possible, m\u00eame si ce n\u2019est pas forc\u00e9ment simple, de se plonger dans le droit et qu\u2019on peut m\u00eame se prendre au jeu\u2026 Leur permettre de se confronter en direct \u00e0 des textes de droit, de les manipuler pour pouvoir se familiariser un peu avec la mati\u00e8re. Leur proposer d\u00e8s lors des \u00e9l\u00e9ments de m\u00e9thode pour chercher un texte de droit et le d\u00e9chiffrer plus facilement. Leur montrer que le droit peut venir renforcer une action collective : parce qu\u2019on trouve des arguments nouveaux qui vont permettre de donner une autre dimension et plus de force \u00e0 la lutte, parce qu\u2019on se rend compte que le droit fait blocage, qu\u2019il est n\u00e9cessaire de le faire \u00e9voluer et qu\u2019il faut orienter la strat\u00e9gie dans ce sens, etc. | <a href=\"http:\/\/educpop-droits.eu\/old\/fr\/doc\/outils\/OUTIL%20CAS%20PRAT%20BELGE.pdf\">t\u00e9l\u00e9charger<\/a><\/p>\n<\/div>\n<div class=\"one-half last\">\n<h3><a name=\"j\"><\/a>Outil J : Rep\u00e8res juridiques<\/h3>\n<p>Des fiches \u2018rep\u00e8res juridiques\u2019 ont \u00e9t\u00e9 \u00e9labor\u00e9es de mani\u00e8re \u00e0 donner aux participants des \u00e9l\u00e9ments d\u2019information juridique leur permettant de passer \u00e0 l\u2019action :<\/p>\n<ul>\n<li>Fiche 1 : Se rep\u00e9rer parmi les diff\u00e9rentes normes juridiques<\/li>\n<li>Fiche 2 : Intervenir dans l\u2019\u00e9laboration du droit ou l\u2019application du droit<\/li>\n<li>Fiche 3 : O\u00f9 trouver l\u2019information juridique n\u00e9cessaire \u00e0 l\u2019action ?<\/li>\n<li>Fiche 4 : A qui s\u2019adresser dans l\u2019organisation de la justice ?<\/li>\n<li>Fiche 5 : Se rep\u00e9rer dans l\u2019organisation de la justice<\/li>\n<li>Fiche 6 : Quelques \u00e9l\u00e9ments de proc\u00e9dure utiles \u00e0 l\u2019action<\/li>\n<\/ul>\n<p>L\u2019information contenue ici n\u2019est s\u00fbrement pas un cours rapide de droit !!! Il s\u2019agit essentiellement de proposer des \u00e9l\u00e9ments d\u2019information permettant une r\u00e9flexion du collectif sur les pistes d\u2019action juridiques \u00e0 sa disposition. | <a href=\"http:\/\/educpop-droits.eu\/old\/fr\/doc\/outils\/OUTILS%20FICHE%20REPERES%20BE.pdf\">t\u00e9l\u00e9charger<\/a><\/p>\n<\/div>\n<div class=\"one-half\">\n<h3><a name=\"k\"><\/a>Outil K : Fiches strat\u00e9giques<\/h3>\n<p>Permettre aux participants d\u2019identifier les diff\u00e9rentes composantes d\u2019une strat\u00e9gie d\u2019action et de rep\u00e9rer quelques unes des questions \u00e0 se poser pour construire une action la plus efficace possible en prenant en compte les questions li\u00e9es au droit.<\/p>\n<ul>\n<li>Strat\u00e9gie de l\u00e9gitimation interne<\/li>\n<li>Strat\u00e9gie de l\u00e9gitimation externe<\/li>\n<li>Strat\u00e9gie de rechercher et sensibilisation d&rsquo;alli\u00e9s<\/li>\n<li>Strat\u00e9gie d&rsquo;actions directes<\/li>\n<li>Se servir du droit<\/li>\n<li>Se positionner face aux pouvoirs publics<\/li>\n<li>Gestion des risques li\u00e9s \u00e0 notre action<\/li>\n<\/ul>\n<p>| <a href=\"http:\/\/educpop-droits.eu\/old\/fr\/doc\/outils\/OUTIL%20FICHES%20STRATEGIQUES.pdf\">t\u00e9l\u00e9charger<\/a><\/p>\n<\/div>\n<div class=\"one-half last\">\n<h3><a name=\"l\"><\/a>Outil L : Fiches p\u00e9dagogiques<\/h3>\n<p>Permettre aux participants de travailler certains aspects plus particuliers de la construction d\u2019actions collectives prenant en compte les questions juridiques :<\/p>\n<ul>\n<li>Les processus de l\u00e9gitimation interne<\/li>\n<li>Les processus de l\u00e9gitimation externe<\/li>\n<li>Les conditions d\u2019efficacit\u00e9 d\u2019une action collective<\/li>\n<li>Les risques li\u00e9s \u00e0 l\u2019action collective<\/li>\n<\/ul>\n<p>| <a href=\"http:\/\/educpop-droits.eu\/old\/fr\/doc\/outils\/OUTIL%20FICHES%20PEDAGOGIQUES.pdf\">t\u00e9l\u00e9charger<\/a><\/p>\n<\/div>\n<div class=\"one-half\">\n<h3><a name=\"m\"><\/a>Outil M : Livrets \u00ab\u00a0paroles d&rsquo;acteurs\u00a0\u00bb<\/h3>\n<p>A partir de la d\u00e9couverte de l\u2019analyse d\u2019exp\u00e9riences de luttes port\u00e9es par d\u2019autres collectifs, faire r\u00e9fl\u00e9chir les participants sur les diff\u00e9rentes m\u00e9thodes d\u2019action concr\u00e8tement utilis\u00e9es dans d\u2019autres situations. Proposer aux participants d\u2019aller puiser dans les exp\u00e9riences pr\u00e9sent\u00e9es des \u00e9l\u00e9ments de r\u00e9flexion et d\u2019action leur permettant, le cas \u00e9ch\u00e9ant, d\u2019enrichir et de renforcer leur propre strat\u00e9gie d\u2019action.<\/p>\n<ul>\n<li>La relation aux m\u00e9dias<\/li>\n<li>La relation aux pouvoirs publics<\/li>\n<li>La relation aux professionnels du droit<\/li>\n<li>L&rsquo;int\u00e9gration du droit dans la strat\u00e9gie d&rsquo;action<\/li>\n<\/ul>\n<p>| <a href=\"http:\/\/educpop-droits.eu\/old\/fr\/doc\/outils\/OUTIL%20PAROLES%20ACTEURS.pdf\">t\u00e9l\u00e9charger<\/a><\/p>\n<\/div>\n<div class=\"one-half last\">\n<h3><a name=\"n\"><\/a>Outil N : Work Breakdown Structure<\/h3>\n<p>Cet exercice doit permettre au groupe de d\u00e9velopper sa strat\u00e9gie d\u2019actions par un va et vient entre objectifs poursuivis \u2013 projets \u2013 actions concr\u00e8tes. En fonction du groupe, l\u2019animateur devra peut-\u00eatre davantage travailler la notion d\u2019objectif de l\u2019action (pourquoi veut-on agir ?) ou plut\u00f4t le d\u00e9coupage de l\u2019action du collectif en multiples t\u00e2ches que chacun pourra mettre en oeuvre apr\u00e8s la formation. L\u2019identification de l\u2019objectif se r\u00e9v\u00e8le souvent tr\u00e8s utile parce que si un projet ou une action semble impossible, on peut le\/la remplacer par un\/une autre qui pourra viser \u00e0 rencontrer le m\u00eame objectif et cela \u00e9vite bien des frustrations ! | <a href=\"http:\/\/educpop-droits.eu\/old\/fr\/doc\/outils\/.pdf\">t\u00e9l\u00e9charger<\/a><\/p>\n<\/div>\n<div class=\"one-half\">\n<h3><a name=\"o\"><\/a>Outil O : Analyse SWOT<\/h3>\n<p>Ce type d\u2019outil a pour objectif de permettre l\u2019identification des \u00ab freins \u00bb et des \u00ab opportunit\u00e9s \u00bb dans la mise en oeuvre d\u2019une action. L\u2019analyse permet, de mani\u00e8re strat\u00e9gique, d\u2019aborder les caract\u00e9ristiques internes (analyse contextuelle des forces et des faiblesses du groupe) et les caract\u00e9ristiques externes au collectif (analyse des opportunit\u00e9s et risques : acteurs, locaux\u2026). | <a href=\"http:\/\/educpop-droits.eu\/old\/fr\/doc\/outils\/OUTIL%20WBS1.pdf\">WBS1<\/a> + <a href=\"http:\/\/educpop-droits.eu\/old\/fr\/doc\/outils\/OUTIL%20WBS2.pdf\">WBS2<\/a><\/p>\n<\/div>\n<div class=\"one-half last\">\n<h3><a name=\"p\"><\/a>Outil P : Arbre d&rsquo;actions<\/h3>\n<p>Permettre aux participants de relever et de noter, tout au long de la formation, les points de m\u00e9thode, les questions, les pistes de recherche ou d\u2019action relatifs \u00e0 chacune des \u00e9tapes de travail dans la construction d\u2019une strat\u00e9gie d\u2019action collective qui prend en compte les questions li\u00e9es au droit. Leur laisser un espace de cr\u00e9ativit\u00e9 et leur permettre de repartir avec une trace des aspects \u00e9tudi\u00e9s pendant la formation et un support qu\u2019ils pourront \u00e9ventuellement reprendre lors de la construction d\u2019une action future. | <a href=\"http:\/\/educpop-droits.eu\/old\/fr\/doc\/outils\/OUTIL%20ARBRE%20ACTION1.pdf\">arbre action 1<\/a> + <a href=\"http:\/\/educpop-droits.eu\/old\/fr\/doc\/outils\/OUTIL%20ARBRE%20ACTION2.pdf\">arbre action 2<\/a><\/p>\n<\/div>\n<div class=\"one-half\">\n<h3><a name=\"q\"><\/a>Outil Q : Evaluation de la rencontre<\/h3>\n<p>En fin de formation, nous vous conseillons de prendre le temps (de programmer ce temps durant la formation) pour r\u00e9aliser une courte \u00e9valuation du trajet parcouru avec le groupe. Cela peut se r\u00e9aliser de mani\u00e8re orale ou de mani\u00e8re \u00e9crite. | <a href=\"http:\/\/educpop-droits.eu\/old\/fr\/doc\/outils\/OUTIL%20EVALUATION.pdf\">t\u00e9l\u00e9charger<\/a><\/p>\n<\/div>\n","protected":false},"excerpt":{"rendered":"<p>&nbsp; Cette section pr\u00e9sente 17 \u00abexercices\u00bb qui peuvent \u00eatre propos\u00e9s aux participants\u00a0afin d&rsquo;aider le groupe \u00e0 se structurer, identifier ses objectif, construire sa dynamique collective, d\u00e9cider des actions \u00e0 mener,&#8230; Ces exercices sont con\u00e7us pour soutenir les animateurs dans leur travail d&rsquo;animation, avec une \u00ab\u00a0bo\u00eete \u00e0 outils\u00a0\u00bb tr\u00e8s compl\u00e8te. Mais il ne faut bien s\u00fbr [&hellip;]<\/p>\n","protected":false},"author":1,"featured_media":0,"parent":0,"menu_order":0,"comment_status":"closed","ping_status":"closed","template":"","meta":[],"_links":{"self":[{"href":"https:\/\/educpop-droits.eu\/fr\/index.php?rest_route=\/wp\/v2\/pages\/9"}],"collection":[{"href":"https:\/\/educpop-droits.eu\/fr\/index.php?rest_route=\/wp\/v2\/pages"}],"about":[{"href":"https:\/\/educpop-droits.eu\/fr\/index.php?rest_route=\/wp\/v2\/types\/page"}],"author":[{"embeddable":true,"href":"https:\/\/educpop-droits.eu\/fr\/index.php?rest_route=\/wp\/v2\/users\/1"}],"replies":[{"embeddable":true,"href":"https:\/\/educpop-droits.eu\/fr\/index.php?rest_route=%2Fwp%2Fv2%2Fcomments&post=9"}],"version-history":[{"count":12,"href":"https:\/\/educpop-droits.eu\/fr\/index.php?rest_route=\/wp\/v2\/pages\/9\/revisions"}],"predecessor-version":[{"id":468,"href":"https:\/\/educpop-droits.eu\/fr\/index.php?rest_route=\/wp\/v2\/pages\/9\/revisions\/468"}],"wp:attachment":[{"href":"https:\/\/educpop-droits.eu\/fr\/index.php?rest_route=%2Fwp%2Fv2%2Fmedia&parent=9"}],"curies":[{"name":"wp","href":"https:\/\/api.w.org\/{rel}","templated":true}]}}